{"id":354,"date":"2026-01-24T13:51:09","date_gmt":"2026-01-24T12:51:09","guid":{"rendered":"https:\/\/energideale.fr\/?page_id=354"},"modified":"2026-02-24T13:07:07","modified_gmt":"2026-02-24T12:07:07","slug":"creer-sa-lumiere","status":"publish","type":"page","link":"https:\/\/energideale.fr\/index.php\/creer-sa-lumiere\/","title":{"rendered":"Cr\u00e9er sa lumi\u00e8re"},"content":{"rendered":"<p>[et_pb_section fb_built=\u00a0\u00bb1&Prime; _builder_version=\u00a0\u00bb4.27.5&Prime; _module_preset=\u00a0\u00bbdefault\u00a0\u00bb background_image=\u00a0\u00bbhttps:\/\/energideale.fr\/wp-content\/uploads\/2020\/05\/fab-site.jpg\u00a0\u00bb parallax=\u00a0\u00bbon\u00a0\u00bb parallax_method=\u00a0\u00bboff\u00a0\u00bb global_colors_info=\u00a0\u00bb{}\u00a0\u00bb][et_pb_row _builder_version=\u00a0\u00bb4.27.5&Prime; _module_preset=\u00a0\u00bbdefault\u00a0\u00bb global_colors_info=\u00a0\u00bb{}\u00a0\u00bb][et_pb_column type=\u00a0\u00bb4_4&Prime; _builder_version=\u00a0\u00bb4.27.5&Prime; _module_preset=\u00a0\u00bbdefault\u00a0\u00bb global_colors_info=\u00a0\u00bb{}\u00a0\u00bb][\/et_pb_column][\/et_pb_row][et_pb_row _builder_version=\u00a0\u00bb4.27.5&Prime; _module_preset=\u00a0\u00bbdefault\u00a0\u00bb global_colors_info=\u00a0\u00bb{}\u00a0\u00bb][et_pb_column type=\u00a0\u00bb4_4&Prime; _builder_version=\u00a0\u00bb4.27.5&Prime; _module_preset=\u00a0\u00bbdefault\u00a0\u00bb global_colors_info=\u00a0\u00bb{}\u00a0\u00bb][\/et_pb_column][\/et_pb_row][\/et_pb_section][et_pb_section fb_built=\u00a0\u00bb1&Prime; _builder_version=\u00a0\u00bb4.27.5&Prime; _module_preset=\u00a0\u00bbdefault\u00a0\u00bb global_colors_info=\u00a0\u00bb{}\u00a0\u00bb][et_pb_row _builder_version=\u00a0\u00bb4.27.5&Prime; _module_preset=\u00a0\u00bbdefault\u00a0\u00bb global_colors_info=\u00a0\u00bb{}\u00a0\u00bb][et_pb_column type=\u00a0\u00bb4_4&Prime; _builder_version=\u00a0\u00bb4.27.5&Prime; _module_preset=\u00a0\u00bbdefault\u00a0\u00bb global_colors_info=\u00a0\u00bb{}\u00a0\u00bb][et_pb_text _builder_version=\u00a0\u00bb4.27.5&Prime; _module_preset=\u00a0\u00bbdefault\u00a0\u00bb global_colors_info=\u00a0\u00bb{}\u00a0\u00bb]<\/p>\n<div class=\"w-full mt-[1em] mb-[1px]\">\n<h3 data-slate-node=\"element\" class=\"font-[600] py-[3px] text-[1.25em]\" data-anchor=\"%F0%9F%8C%B31retrouversalumi%C3%A8re%3Asereconstruireface%C3%A0latoxicit%C3%A9\" data-slug=\"%F0%9F%8C%B31retrouversalumi%C3%A8re%3Asereconstruireface%C3%A0latoxicit%C3%A98\"><span data-slate-node=\"text\"><span class=\"\" data-slate-leaf=\"true\">\ud83c\udf33 1. Retrouver sa lumi\u00e8re : se reconstruire face \u00e0 la toxicit\u00e9.<\/span><\/span><\/h3>\n<\/div>\n<div class=\"w-full my-[1px]\" data-slate-fragment=\"JTVCJTdCJTIydHlwZSUyMiUzQSUyMmhlYWRpbmclMjIlMkMlMjJsZXZlbCUyMiUzQTMlMkMlMjJjaGlsZHJlbiUyMiUzQSU1QiU3QiUyMnRleHQlMjIlM0ElMjIlRjAlOUYlOEMlQjMlMjAxLiUyMFJldHJvdXZlciUyMHNhJTIwTHVtaSVDMyVBOHJlJTIwJTNBJTIwU2UlMjBSZWNvbnN0cnVpcmUlMjBGYWNlJTIwJUMzJUEwJTIwbGElMjBUb3hpY2l0JUMzJUE5JTIyJTdEJTVEJTdEJTJDJTdCJTIydHlwZSUyMiUzQSUyMnAlMjIlMkMlMjJjaGlsZHJlbiUyMiUzQSU1QiU3QiUyMnRleHQlMjIlM0ElMjJMZSUyMGQlQzMlQTlmaSUyMCUzQSUyMiUyQyUyMmJvbGQlMjIlM0F0cnVlJTdEJTJDJTdCJTIydGV4dCUyMiUzQSUyMiUyMEZhaXJlJTIwZmFjZSUyMCVDMyVBMCUyMHVuJTIwcGVydmVycyUyMG5hcmNpc3NpcXVlJTIwb3UlMjAlQzMlQTAlMjB1bmUlMjByZWxhdGlvbiUyMHRveGlxdWUlMjAlQzMlQTlwdWlzZSUyMGwnJUMzJUEybWUlMjBldCUyMGwnJUMzJUE5bmVyZ2llLiUyMiU3RCUyQyU3QiUyMnR5cGUlMjIlM0ElMjJwJTIyJTJDJTIyaXNCcmVhayUyMiUzQXRydWUlMkMlMjJjaGlsZHJlbiUyMiUzQSU1QiU3QiUyMnRleHQlMjIlM0ElMjIlMjIlN0QlNUQlN0QlMkMlN0IlMjJ0ZXh0JTIyJTNBJTIyTGElMjBzb2x1dGlvbiUyMCUzQSUyMiUyQyUyMmJvbGQlMjIlM0F0cnVlJTdEJTJDJTdCJTIydGV4dCUyMiUzQSUyMiUyMENldHRlJTIwYnJhbmNoZSUyMGVzdCUyMHZvdHJlJTIwcmVmdWdlLiUyMEVsbGUlMjB2b3VzJTIwb2ZmcmUlMjBkZXMlMjAlMjIlN0QlMkMlN0IlMjJ0ZXh0JTIyJTNBJTIyc29sdXRpb25zJTIwcHJhdGlxdWVzJTIwZXQlMjBiaWVudmVpbGxhbnRlcyUyMiUyQyUyMmJvbGQlMjIlM0F0cnVlJTdEJTJDJTdCJTIydGV4dCUyMiUzQSUyMiUyMHBvdXIlMjBpZGVudGlmaWVyJTIwbGVzJTIwbSVDMyVBOWNhbmlzbWVzJTIwZGUlMjBsJ2FidXMlMkMlMjBwb3NlciUyMGRlcyUyMGxpbWl0ZXMlMjBzYWluZXMlMjBldCUyQyUyMHN1cnRvdXQlMkMlMjAlMjIlN0QlMkMlN0IlMjJ0ZXh0JTIyJTNBJTIyciVDMyVBOWN1cCVDMyVBOXJlciUyMHZvdHJlJTIwcG91dm9pciUyMHBlcnNvbm5lbCUyMiUyQyUyMmJvbGQlMjIlM0F0cnVlJTdEJTJDJTdCJTIydGV4dCUyMiUzQSUyMi4lMjBUcmFuc2Zvcm1leiUyMGxhJTIwc291ZmZyYW5jZSUyMGVuJTIwciVDMyVBOXNpbGllbmNlJTIwaW4lQzMlQTlicmFubGFibGUuJTIyJTdEJTVEJTdEJTVE\">\n<div data-slate-node=\"element\" class=\"py-[3px]\">\n<p><strong><span class=\"font-[600]\" data-slate-leaf=\"true\">Le d\u00e9fi :<\/span><\/strong><span data-slate-node=\"text\"><span class=\"\" data-slate-leaf=\"true\"> Faire face \u00e0 un pervers narcissique ou \u00e0 une relation toxique \u00e9puise l&rsquo;\u00e2me et l&rsquo;\u00e9nergie.<\/span><\/span><\/p>\n<div class=\"py-[3px]\"><\/div>\n<p><strong><span class=\"font-[600]\" data-slate-leaf=\"true\">La solution :<\/span><\/strong><span data-slate-node=\"text\"><span class=\"\" data-slate-leaf=\"true\"> Cette branche est votre refuge. Elle vous offre des <\/span><\/span><span data-slate-node=\"text\"><span class=\"font-[600]\" data-slate-leaf=\"true\">solutions pratiques et bienveillantes<\/span><\/span><span data-slate-node=\"text\"><span class=\"\" data-slate-leaf=\"true\"> pour identifier les m\u00e9canismes de l&rsquo;abus, poser des limites saines et, surtout, <\/span><\/span><span data-slate-node=\"text\"><span class=\"font-[600]\" data-slate-leaf=\"true\">r\u00e9cup\u00e9rer votre pouvoir personnel<\/span><\/span><span data-slate-node=\"text\"><span class=\"\" data-slate-leaf=\"true\">. Transformez la souffrance en r\u00e9silience in\u00e9branlable.<\/span><\/span><\/div>\n<\/div>\n<p>[\/et_pb_text][\/et_pb_column][\/et_pb_row][et_pb_row column_structure=\u00a0\u00bb1_3,1_3,1_3&Prime; _builder_version=\u00a0\u00bb4.27.5&Prime; _module_preset=\u00a0\u00bbdefault\u00a0\u00bb global_colors_info=\u00a0\u00bb{}\u00a0\u00bb][et_pb_column type=\u00a0\u00bb1_3&Prime; _builder_version=\u00a0\u00bb4.27.5&Prime; _module_preset=\u00a0\u00bbdefault\u00a0\u00bb global_colors_info=\u00a0\u00bb{}\u00a0\u00bb][et_pb_video src=\u00a0\u00bbhttps:\/\/youtube.com\/shorts\/a7QuzxtZGtY\u00a0\u00bb _builder_version=\u00a0\u00bb4.27.5&Prime; _module_preset=\u00a0\u00bbdefault\u00a0\u00bb global_colors_info=\u00a0\u00bb{}\u00a0\u00bb][\/et_pb_video][\/et_pb_column][et_pb_column type=\u00a0\u00bb1_3&Prime; _builder_version=\u00a0\u00bb4.27.5&Prime; _module_preset=\u00a0\u00bbdefault\u00a0\u00bb global_colors_info=\u00a0\u00bb{}\u00a0\u00bb][et_pb_video src=\u00a0\u00bbhttps:\/\/youtube.com\/shorts\/D51S7zJSJoc\u00a0\u00bb _builder_version=\u00a0\u00bb4.27.5&Prime; _module_preset=\u00a0\u00bbdefault\u00a0\u00bb global_colors_info=\u00a0\u00bb{}\u00a0\u00bb][\/et_pb_video][\/et_pb_column][et_pb_column type=\u00a0\u00bb1_3&Prime; _builder_version=\u00a0\u00bb4.27.5&Prime; _module_preset=\u00a0\u00bbdefault\u00a0\u00bb global_colors_info=\u00a0\u00bb{}\u00a0\u00bb][et_pb_video src=\u00a0\u00bbhttps:\/\/youtube.com\/shorts\/jiZR2K4BeIg\u00a0\u00bb _builder_version=\u00a0\u00bb4.27.5&Prime; _module_preset=\u00a0\u00bbdefault\u00a0\u00bb global_colors_info=\u00a0\u00bb{}\u00a0\u00bb][\/et_pb_video][\/et_pb_column][\/et_pb_row][et_pb_row _builder_version=\u00a0\u00bb4.27.5&Prime; _module_preset=\u00a0\u00bbdefault\u00a0\u00bb global_colors_info=\u00a0\u00bb{}\u00a0\u00bb][et_pb_column type=\u00a0\u00bb4_4&Prime; _builder_version=\u00a0\u00bb4.27.5&Prime; _module_preset=\u00a0\u00bbdefault\u00a0\u00bb global_colors_info=\u00a0\u00bb{}\u00a0\u00bb][et_pb_button button_url=\u00a0\u00bbhttps:\/\/www.youtube.com\/playlist?list=PLpLwfgF4nhvFxfDis-e9OcSwpA30s9RD7&Prime; url_new_window=\u00a0\u00bbon\u00a0\u00bb button_text=\u00a0\u00bbAcc\u00e8s \u00e0 la playlist\u00a0\u00bb button_alignment=\u00a0\u00bbcenter\u00a0\u00bb _builder_version=\u00a0\u00bb4.27.5&Prime; _module_preset=\u00a0\u00bbdefault\u00a0\u00bb custom_button=\u00a0\u00bbon\u00a0\u00bb button_text_color=\u00a0\u00bb#FFFFFF\u00a0\u00bb button_bg_color=\u00a0\u00bb#59ce23&Prime; hover_enabled=\u00a0\u00bb0&Prime; global_colors_info=\u00a0\u00bb{}\u00a0\u00bb sticky_enabled=\u00a0\u00bb0&Prime;][\/et_pb_button][\/et_pb_column][\/et_pb_row][\/et_pb_section]<\/p>\n","protected":false},"excerpt":{"rendered":"<p>\ud83c\udf33 1. Retrouver sa lumi\u00e8re : se reconstruire face \u00e0 la toxicit\u00e9. Le d\u00e9fi : Faire face \u00e0 un pervers narcissique ou \u00e0 une relation toxique \u00e9puise l&rsquo;\u00e2me et l&rsquo;\u00e9nergie. La solution : Cette branche est votre refuge. Elle vous offre des solutions pratiques et bienveillantes pour identifier les m\u00e9canismes de l&rsquo;abus, poser des limites [&hellip;]<\/p>\n","protected":false},"author":2,"featured_media":0,"parent":0,"menu_order":0,"comment_status":"closed","ping_status":"closed","template":"","meta":{"_et_pb_use_builder":"on","_et_pb_old_content":"","_et_gb_content_width":"","footnotes":""},"class_list":["post-354","page","type-page","status-publish","hentry"],"yoast_head":"<!-- This site is optimized with the Yoast SEO plugin v27.0 - https:\/\/yoast.com\/product\/yoast-seo-wordpress\/ -->\n<title>Cr\u00e9er sa lumi\u00e8re - Energid\u00e9ale<\/title>\n<meta name=\"robots\" content=\"index, follow, max-snippet:-1, max-image-preview:large, max-video-preview:-1\" \/>\n<link rel=\"canonical\" href=\"https:\/\/energideale.fr\/index.php\/creer-sa-lumiere\/\" \/>\n<meta property=\"og:locale\" content=\"fr_FR\" \/>\n<meta property=\"og:type\" content=\"article\" \/>\n<meta property=\"og:title\" content=\"Cr\u00e9er sa lumi\u00e8re - Energid\u00e9ale\" \/>\n<meta property=\"og:description\" content=\"\ud83c\udf33 1. Retrouver sa lumi\u00e8re : se reconstruire face \u00e0 la toxicit\u00e9. Le d\u00e9fi : Faire face \u00e0 un pervers narcissique ou \u00e0 une relation toxique \u00e9puise l&#039;\u00e2me et l&#039;\u00e9nergie. La solution : Cette branche est votre refuge. Elle vous offre des solutions pratiques et bienveillantes pour identifier les m\u00e9canismes de l&#039;abus, poser des limites [&hellip;]\" \/>\n<meta property=\"og:url\" content=\"https:\/\/energideale.fr\/index.php\/creer-sa-lumiere\/\" \/>\n<meta property=\"og:site_name\" content=\"Energid\u00e9ale\" \/>\n<meta property=\"article:modified_time\" content=\"2026-02-24T12:07:07+00:00\" \/>\n<meta name=\"twitter:card\" content=\"summary_large_image\" \/>\n<script type=\"application\/ld+json\" class=\"yoast-schema-graph\">{\"@context\":\"https:\/\/schema.org\",\"@graph\":[{\"@type\":\"WebPage\",\"@id\":\"https:\/\/energideale.fr\/index.php\/creer-sa-lumiere\/\",\"url\":\"https:\/\/energideale.fr\/index.php\/creer-sa-lumiere\/\",\"name\":\"Cr\u00e9er sa lumi\u00e8re - Energid\u00e9ale\",\"isPartOf\":{\"@id\":\"https:\/\/energideale.fr\/#website\"},\"datePublished\":\"2026-01-24T12:51:09+00:00\",\"dateModified\":\"2026-02-24T12:07:07+00:00\",\"breadcrumb\":{\"@id\":\"https:\/\/energideale.fr\/index.php\/creer-sa-lumiere\/#breadcrumb\"},\"inLanguage\":\"fr-FR\",\"potentialAction\":[{\"@type\":\"ReadAction\",\"target\":[\"https:\/\/energideale.fr\/index.php\/creer-sa-lumiere\/\"]}]},{\"@type\":\"BreadcrumbList\",\"@id\":\"https:\/\/energideale.fr\/index.php\/creer-sa-lumiere\/#breadcrumb\",\"itemListElement\":[{\"@type\":\"ListItem\",\"position\":1,\"name\":\"Accueil\",\"item\":\"https:\/\/energideale.fr\/\"},{\"@type\":\"ListItem\",\"position\":2,\"name\":\"Cr\u00e9er sa lumi\u00e8re\"}]},{\"@type\":\"WebSite\",\"@id\":\"https:\/\/energideale.fr\/#website\",\"url\":\"https:\/\/energideale.fr\/\",\"name\":\"Energid\u00e9ale\",\"description\":\"\",\"potentialAction\":[{\"@type\":\"SearchAction\",\"target\":{\"@type\":\"EntryPoint\",\"urlTemplate\":\"https:\/\/energideale.fr\/?s={search_term_string}\"},\"query-input\":{\"@type\":\"PropertyValueSpecification\",\"valueRequired\":true,\"valueName\":\"search_term_string\"}}],\"inLanguage\":\"fr-FR\"}]}<\/script>\n<!-- \/ Yoast SEO plugin. -->","yoast_head_json":{"title":"Cr\u00e9er sa lumi\u00e8re - Energid\u00e9ale","robots":{"index":"index","follow":"follow","max-snippet":"max-snippet:-1","max-image-preview":"max-image-preview:large","max-video-preview":"max-video-preview:-1"},"canonical":"https:\/\/energideale.fr\/index.php\/creer-sa-lumiere\/","og_locale":"fr_FR","og_type":"article","og_title":"Cr\u00e9er sa lumi\u00e8re - Energid\u00e9ale","og_description":"\ud83c\udf33 1. Retrouver sa lumi\u00e8re : se reconstruire face \u00e0 la toxicit\u00e9. Le d\u00e9fi : Faire face \u00e0 un pervers narcissique ou \u00e0 une relation toxique \u00e9puise l'\u00e2me et l'\u00e9nergie. La solution : Cette branche est votre refuge. Elle vous offre des solutions pratiques et bienveillantes pour identifier les m\u00e9canismes de l'abus, poser des limites [&hellip;]","og_url":"https:\/\/energideale.fr\/index.php\/creer-sa-lumiere\/","og_site_name":"Energid\u00e9ale","article_modified_time":"2026-02-24T12:07:07+00:00","twitter_card":"summary_large_image","schema":{"@context":"https:\/\/schema.org","@graph":[{"@type":"WebPage","@id":"https:\/\/energideale.fr\/index.php\/creer-sa-lumiere\/","url":"https:\/\/energideale.fr\/index.php\/creer-sa-lumiere\/","name":"Cr\u00e9er sa lumi\u00e8re - Energid\u00e9ale","isPartOf":{"@id":"https:\/\/energideale.fr\/#website"},"datePublished":"2026-01-24T12:51:09+00:00","dateModified":"2026-02-24T12:07:07+00:00","breadcrumb":{"@id":"https:\/\/energideale.fr\/index.php\/creer-sa-lumiere\/#breadcrumb"},"inLanguage":"fr-FR","potentialAction":[{"@type":"ReadAction","target":["https:\/\/energideale.fr\/index.php\/creer-sa-lumiere\/"]}]},{"@type":"BreadcrumbList","@id":"https:\/\/energideale.fr\/index.php\/creer-sa-lumiere\/#breadcrumb","itemListElement":[{"@type":"ListItem","position":1,"name":"Accueil","item":"https:\/\/energideale.fr\/"},{"@type":"ListItem","position":2,"name":"Cr\u00e9er sa lumi\u00e8re"}]},{"@type":"WebSite","@id":"https:\/\/energideale.fr\/#website","url":"https:\/\/energideale.fr\/","name":"Energid\u00e9ale","description":"","potentialAction":[{"@type":"SearchAction","target":{"@type":"EntryPoint","urlTemplate":"https:\/\/energideale.fr\/?s={search_term_string}"},"query-input":{"@type":"PropertyValueSpecification","valueRequired":true,"valueName":"search_term_string"}}],"inLanguage":"fr-FR"}]}},"_links":{"self":[{"href":"https:\/\/energideale.fr\/index.php\/wp-json\/wp\/v2\/pages\/354","targetHints":{"allow":["GET"]}}],"collection":[{"href":"https:\/\/energideale.fr\/index.php\/wp-json\/wp\/v2\/pages"}],"about":[{"href":"https:\/\/energideale.fr\/index.php\/wp-json\/wp\/v2\/types\/page"}],"author":[{"embeddable":true,"href":"https:\/\/energideale.fr\/index.php\/wp-json\/wp\/v2\/users\/2"}],"replies":[{"embeddable":true,"href":"https:\/\/energideale.fr\/index.php\/wp-json\/wp\/v2\/comments?post=354"}],"version-history":[{"count":9,"href":"https:\/\/energideale.fr\/index.php\/wp-json\/wp\/v2\/pages\/354\/revisions"}],"predecessor-version":[{"id":425,"href":"https:\/\/energideale.fr\/index.php\/wp-json\/wp\/v2\/pages\/354\/revisions\/425"}],"wp:attachment":[{"href":"https:\/\/energideale.fr\/index.php\/wp-json\/wp\/v2\/media?parent=354"}],"curies":[{"name":"wp","href":"https:\/\/api.w.org\/{rel}","templated":true}]}}